{"id":1269,"date":"2026-02-03T02:41:02","date_gmt":"2026-02-03T02:41:02","guid":{"rendered":"https:\/\/www.test18.pw\/?page_id=1269"},"modified":"2026-03-12T17:40:42","modified_gmt":"2026-03-12T09:40:42","slug":"usine","status":"publish","type":"page","link":"https:\/\/www.boqian-textile.com\/fr\/usine\/","title":{"rendered":"Usine"},"content":{"rendered":"<section class=\"wp-block-themepark-block-themepark-area block_layout thempark-block PcOnly\" id=\"\" style=\"background-color:#ffffff;height:700px;box-sizing: border-box;width: 100%;\" data-swiper-parallax=\"-700\"><div class=\"block_layout_in\" style=\"\">\n<div class=\"wp-block-column block_layout_in has-monte-white-color has-text-color has-link-color wp-elements-c329964152409157c77b499124253040 is-layout-flow wp-block-column-is-layout-flow\">\n<div style=\"height:240px\" aria-hidden=\"true\" class=\"wp-block-spacer\"><\/div>\n\n\n\n<div class=\"wp-block-themepark-block-themepark-wright content-super-p\" style=\"font-size:12px;line-height:58px;padding:10px 10px;\">\n<div class=\"wp-block-column is-layout-flow wp-block-column-is-layout-flow\">\n<p class=\"has-text-align-center\" style=\"font-size:50px\"><strong>De nouvelles mises \u00e0 jour pour un d\u00e9veloppement durable<\/strong><br><strong>Vivre<\/strong><\/p>\n<\/div>\n<\/div>\n<\/div>\n<\/div><div class=\"layout_badh\"><div class=\"shizhezhao\" style=\"opacity:0.4;background-color:#000000;\"><\/div><div class=\"PcOnly themepark-block_layout_ba lazyload swiper-lazy\" style=\"background-repeat:no-repeat;background-size:cover;background-position:center;\" data-background=\"https:\/\/www.boqian-textile.com\/wp-content\/uploads\/2026\/02\/factorypage-banner.png\"><\/div><\/div><\/section>\n\n\n\n<section class=\"wp-block-themepark-block-themepark-area block_layout thempark-block PcOnly\" id=\"maxw\" style=\"padding-bottom:60px;padding-top:60px;\" data-swiper-parallax=\"-700\"><div class=\"block_layout_in clomnsmal  clomnnone\" style=\"\">\n<div class=\"wp-block-column block_layout_in is-layout-flow wp-block-column-is-layout-flow\">\n<div class=\"wp-block-columns is-layout-flex wp-container-core-columns-is-layout-9d6595d7 wp-block-columns-is-layout-flex\">\n<div class=\"wp-block-column is-layout-flow wp-block-column-is-layout-flow\">\n<div style=\"height:100px\" aria-hidden=\"true\" class=\"wp-block-spacer\"><\/div>\n\n\n\n<div class=\"wp-block-themepark-block-themepark-wright content-super-p\" style=\"font-size:14px;line-height:30px;color:#333333;padding:10px 40px;\">\n<div class=\"wp-block-column is-layout-flow wp-block-column-is-layout-flow\">\n<p>Notre usine, votre confiance<\/p>\n\n\n\n<div style=\"height:15px\" aria-hidden=\"true\" class=\"wp-block-spacer\"><\/div>\n\n\n\n<p class=\"has-medium-font-size\"><strong>Quand l'artisanat rencontre la durabilit\u00e9<\/strong><\/p>\n\n\n\n<div style=\"height:30px\" aria-hidden=\"true\" class=\"wp-block-spacer\"><\/div>\n\n\n\n<p>Gr\u00e2ce \u00e0 l'innovation et \u00e0 la production \u00e0 grande \u00e9chelle, notre usine garantit une qualit\u00e9 constante et une livraison efficace pour chaque solution textile domestique.<\/p>\n\n\n\n<div style=\"height:195px\" aria-hidden=\"true\" class=\"wp-block-spacer\"><\/div>\n\n\n\n<div class=\"wp-block-themepark-block-btn themepark-i-btn-out\" style=\"text-align:undefined;\"><div class=\"themepark-i-btn-out_ins\" style=\"\"><div class=\"themepark-i-btn-out_in\"><div class=\"themepark-i-btn\" style=\"background-color:#b7997f;color:#ffffff;font-size:14px;border:solid 1px #b7997f;border-radius:10px;padding:7px 26px;\"><a href=\"https:\/\/www.boqian-textile.com\/fr\/contact\/\" rel=\"noopener noreferrer \">Nous contacter<\/a><a class=\"hovers\" data-title=\"Contact Us\" style=\"color:#b7997f;background-color:#ffffff;padding:7px 26px;border-radius:10px;\" href=\"https:\/\/www.boqian-textile.com\/fr\/contact\/\" rel=\"noopener noreferrer\" target=\"_self\"><\/a><\/div><\/div><\/div><\/div>\n<\/div>\n<\/div>\n<\/div>\n\n\n\n<div class=\"wp-block-column is-layout-flow wp-block-column-is-layout-flow\" style=\"flex-basis:1px\">\n<div class=\"wp-block-themepark-block-themepark-xian theme_fang_out  factory-xt\" style=\"text-align:left;\"><div class=\"fangbox\" style=\"width:1px;height:500px;background-color:#cac8c8;\"><\/div><\/div>\n<\/div>\n\n\n\n<div class=\"wp-block-column is-layout-flow wp-block-column-is-layout-flow\">\n<div style=\"height:100px\" aria-hidden=\"true\" class=\"wp-block-spacer\"><\/div>\n\n\n\n<div class=\"wp-block-themepark-block-themepark-wright content-super-p\" style=\"font-size:14px;line-height:25px;color:#333333;padding:10px 30px;\">\n<div class=\"wp-block-column is-layout-flow wp-block-column-is-layout-flow\">\n<figure class=\"wp-block-image size-full radius-border10\"><img loading=\"lazy\" decoding=\"async\" width=\"416\" height=\"400\" src=\"https:\/\/www.boqian-textile.com\/wp-content\/uploads\/2026\/02\/factorypage-pic1-1.png\" alt=\"\" class=\"wp-image-1290\" style=\"object-fit:cover\" srcset=\"https:\/\/www.boqian-textile.com\/wp-content\/uploads\/2026\/02\/factorypage-pic1-1.png 416w, https:\/\/www.boqian-textile.com\/wp-content\/uploads\/2026\/02\/factorypage-pic1-1-300x288.png 300w\" sizes=\"auto, (max-width: 416px) 100vw, 416px\" \/><\/figure>\n\n\n\n<div style=\"height:10px\" aria-hidden=\"true\" class=\"wp-block-spacer\"><\/div>\n\n\n\n<p style=\"font-size:20px\"><strong>Production de pr\u00e9cision<\/strong><\/p>\n\n\n\n<div style=\"height:10px\" aria-hidden=\"true\" class=\"wp-block-spacer\"><\/div>\n\n\n\n<p>\u00c9quip\u00e9s de lignes de coupe et de couture automatis\u00e9es, nous garantissons des volumes importants avec une pr\u00e9cision constante.<\/p>\n<\/div>\n<\/div>\n<\/div>\n\n\n\n<div class=\"wp-block-column is-layout-flow wp-block-column-is-layout-flow\" style=\"flex-basis:1px\">\n<div class=\"wp-block-themepark-block-themepark-xian theme_fang_out  factory-xt\" style=\"text-align:left;\"><div class=\"fangbox\" style=\"width:1px;height:500px;background-color:#cac8c8;\"><\/div><\/div>\n<\/div>\n\n\n\n<div class=\"wp-block-column is-layout-flow wp-block-column-is-layout-flow\">\n<div style=\"height:100px\" aria-hidden=\"true\" class=\"wp-block-spacer\"><\/div>\n\n\n\n<div class=\"wp-block-themepark-block-themepark-wright content-super-p\" style=\"font-size:14px;line-height:25px;color:#333333;padding:10px 30px;\">\n<div class=\"wp-block-column is-layout-flow wp-block-column-is-layout-flow\">\n<figure class=\"wp-block-image size-full radius-border10\"><img loading=\"lazy\" decoding=\"async\" width=\"416\" height=\"400\" src=\"https:\/\/www.boqian-textile.com\/wp-content\/uploads\/2026\/02\/factorypage-pic2.png\" alt=\"\" class=\"wp-image-1288\" style=\"object-fit:cover\" srcset=\"https:\/\/www.boqian-textile.com\/wp-content\/uploads\/2026\/02\/factorypage-pic2.png 416w, https:\/\/www.boqian-textile.com\/wp-content\/uploads\/2026\/02\/factorypage-pic2-300x288.png 300w\" sizes=\"auto, (max-width: 416px) 100vw, 416px\" \/><\/figure>\n\n\n\n<div style=\"height:10px\" aria-hidden=\"true\" class=\"wp-block-spacer\"><\/div>\n\n\n\n<p style=\"font-size:20px\"><strong>Production de pr\u00e9cision<\/strong><\/p>\n\n\n\n<div style=\"height:10px\" aria-hidden=\"true\" class=\"wp-block-spacer\"><\/div>\n\n\n\n<p>\u00c9quip\u00e9s de lignes de coupe et de couture automatis\u00e9es, nous garantissons des volumes importants avec une pr\u00e9cision constante.<\/p>\n<\/div>\n<\/div>\n<\/div>\n\n\n\n<div class=\"wp-block-column is-layout-flow wp-block-column-is-layout-flow\" style=\"flex-basis:1px\">\n<div class=\"wp-block-themepark-block-themepark-xian theme_fang_out  factory-xt\" style=\"text-align:left;\"><div class=\"fangbox\" style=\"width:1px;height:500px;background-color:#cac8c8;\"><\/div><\/div>\n<\/div>\n\n\n\n<div class=\"wp-block-column is-layout-flow wp-block-column-is-layout-flow\">\n<div style=\"height:100px\" aria-hidden=\"true\" class=\"wp-block-spacer\"><\/div>\n\n\n\n<div class=\"wp-block-themepark-block-themepark-wright content-super-p\" style=\"font-size:14px;line-height:25px;color:#333333;padding:10px 30px;\">\n<div class=\"wp-block-column is-layout-flow wp-block-column-is-layout-flow\">\n<figure class=\"wp-block-image size-full radius-border10\"><img loading=\"lazy\" decoding=\"async\" width=\"416\" height=\"400\" src=\"https:\/\/www.boqian-textile.com\/wp-content\/uploads\/2026\/02\/factorypage-pic3.png\" alt=\"\" class=\"wp-image-1287\" style=\"object-fit:cover\" srcset=\"https:\/\/www.boqian-textile.com\/wp-content\/uploads\/2026\/02\/factorypage-pic3.png 416w, https:\/\/www.boqian-textile.com\/wp-content\/uploads\/2026\/02\/factorypage-pic3-300x288.png 300w\" sizes=\"auto, (max-width: 416px) 100vw, 416px\" \/><\/figure>\n\n\n\n<div style=\"height:10px\" aria-hidden=\"true\" class=\"wp-block-spacer\"><\/div>\n\n\n\n<p style=\"font-size:20px\"><strong>Production de pr\u00e9cision<\/strong><\/p>\n\n\n\n<div style=\"height:10px\" aria-hidden=\"true\" class=\"wp-block-spacer\"><\/div>\n\n\n\n<p>\u00c9quip\u00e9s de lignes de coupe et de couture automatis\u00e9es, nous garantissons des volumes importants avec une pr\u00e9cision constante.<\/p>\n<\/div>\n<\/div>\n<\/div>\n<\/div>\n\n\n\n<style>\n.factory-xt .fangbox{\n  height:700px !important;\n}\n<\/style>\n<\/div>\n<\/div><div class=\"layout_badh\"><\/div><\/section>\n\n\n\n<section class=\"wp-block-themepark-block-themepark-area block_layout thempark-block MovePnly\" id=\"\" style=\"padding-bottom:250px;padding-top:300px;\" data-swiper-parallax=\"-700\"><div class=\"block_layout_in\" style=\"\">\n<div class=\"wp-block-column block_layout_in has-monte-white-color has-text-color has-link-color wp-elements-697f8d234c197d8635ee420d1287caf3 is-layout-flow wp-block-column-is-layout-flow\">\n<p class=\"has-text-align-center\" style=\"font-size:40px\"><strong>Nouvelles mises \u00e0 jour pour<\/strong><br><strong>Vie durable<\/strong><\/p>\n<\/div>\n<\/div><div class=\"layout_badh\"><div class=\"shizhezhao\" style=\"opacity:0.2;background-color:#333333;\"><\/div><div class=\"MovePnly themepark-block_layout_ba lazyload swiper-move-lazy\" style=\"background-repeat:no-repeat;background-size:cover;background-position:center;\" data-background=\"https:\/\/www.boqian-textile.com\/wp-content\/uploads\/2026\/02\/m-factorypage-banner.png\"><\/div><\/div><\/section>\n\n\n\n<section class=\"wp-block-themepark-block-themepark-area block_layout thempark-block MovePnly bom30 top30\" id=\"maxw\" style=\"padding-bottom:60px;padding-top:60px;\" data-swiper-parallax=\"-700\"><div class=\"block_layout_in clomnsmal  clomnnone\" style=\"\">\n<div class=\"wp-block-column block_layout_in is-layout-flow wp-block-column-is-layout-flow\">\n<div class=\"wp-block-themepark-block-themepark-wright content-super-p\" style=\"font-size:14px;line-height:30px;color:#333333;padding:10px 10px;\">\n<div class=\"wp-block-column is-layout-flow wp-block-column-is-layout-flow\">\n<p class=\"has-text-align-center has-large-font-size\"><strong>Quand l'artisanat rencontre la durabilit\u00e9<\/strong><\/p>\n\n\n\n<div style=\"height:10px\" aria-hidden=\"true\" class=\"wp-block-spacer\"><\/div>\n\n\n\n<p class=\"has-text-align-center\">Gr\u00e2ce \u00e0 l'innovation et \u00e0 la production \u00e0 grande \u00e9chelle, notre usine garantit une qualit\u00e9 constante et une livraison efficace pour chaque solution textile domestique.<\/p>\n<\/div>\n<\/div>\n\n\n\n<div style=\"height:30px\" aria-hidden=\"true\" class=\"wp-block-spacer\"><\/div>\n\n\n\n<div class=\"wp-block-themepark-block-themepark-wright content-super-p\" style=\"font-size:14px;line-height:25px;color:#333333;padding:10px 30px;\">\n<div class=\"wp-block-column is-layout-flow wp-block-column-is-layout-flow\">\n<figure class=\"wp-block-image size-full radius-border10\"><img loading=\"lazy\" decoding=\"async\" width=\"416\" height=\"400\" src=\"https:\/\/www.boqian-textile.com\/wp-content\/uploads\/2026\/02\/factorypage-pic1-1.png\" alt=\"\" class=\"wp-image-1290\" style=\"object-fit:cover\" srcset=\"https:\/\/www.boqian-textile.com\/wp-content\/uploads\/2026\/02\/factorypage-pic1-1.png 416w, https:\/\/www.boqian-textile.com\/wp-content\/uploads\/2026\/02\/factorypage-pic1-1-300x288.png 300w\" sizes=\"auto, (max-width: 416px) 100vw, 416px\" \/><\/figure>\n\n\n\n<div style=\"height:10px\" aria-hidden=\"true\" class=\"wp-block-spacer\"><\/div>\n\n\n\n<p style=\"font-size:20px\"><strong>Production de pr\u00e9cision<\/strong><\/p>\n\n\n\n<div style=\"height:10px\" aria-hidden=\"true\" class=\"wp-block-spacer\"><\/div>\n\n\n\n<p>\u00c9quip\u00e9s de lignes de coupe et de couture automatis\u00e9es, nous garantissons des volumes importants avec une pr\u00e9cision constante.<\/p>\n<\/div>\n<\/div>\n\n\n\n<div style=\"height:20px\" aria-hidden=\"true\" class=\"wp-block-spacer\"><\/div>\n\n\n\n<div class=\"wp-block-themepark-block-themepark-wright content-super-p\" style=\"font-size:14px;line-height:25px;color:#333333;padding:10px 30px;\">\n<div class=\"wp-block-column is-layout-flow wp-block-column-is-layout-flow\">\n<figure class=\"wp-block-image size-full radius-border10\"><img loading=\"lazy\" decoding=\"async\" width=\"416\" height=\"400\" src=\"https:\/\/www.boqian-textile.com\/wp-content\/uploads\/2026\/02\/factorypage-pic2.png\" alt=\"\" class=\"wp-image-1288\" style=\"object-fit:cover\" srcset=\"https:\/\/www.boqian-textile.com\/wp-content\/uploads\/2026\/02\/factorypage-pic2.png 416w, https:\/\/www.boqian-textile.com\/wp-content\/uploads\/2026\/02\/factorypage-pic2-300x288.png 300w\" sizes=\"auto, (max-width: 416px) 100vw, 416px\" \/><\/figure>\n\n\n\n<div style=\"height:10px\" aria-hidden=\"true\" class=\"wp-block-spacer\"><\/div>\n\n\n\n<p style=\"font-size:20px\"><strong>Production de pr\u00e9cision<\/strong><\/p>\n\n\n\n<div style=\"height:10px\" aria-hidden=\"true\" class=\"wp-block-spacer\"><\/div>\n\n\n\n<p>\u00c9quip\u00e9s de lignes de coupe et de couture automatis\u00e9es, nous garantissons des volumes importants avec une pr\u00e9cision constante.<\/p>\n<\/div>\n<\/div>\n\n\n\n<div style=\"height:20px\" aria-hidden=\"true\" class=\"wp-block-spacer\"><\/div>\n\n\n\n<div class=\"wp-block-themepark-block-themepark-wright content-super-p\" style=\"font-size:14px;line-height:25px;color:#333333;padding:10px 30px;\">\n<div class=\"wp-block-column is-layout-flow wp-block-column-is-layout-flow\">\n<figure class=\"wp-block-image size-full radius-border10\"><img loading=\"lazy\" decoding=\"async\" width=\"416\" height=\"400\" src=\"https:\/\/www.boqian-textile.com\/wp-content\/uploads\/2026\/02\/factorypage-pic3.png\" alt=\"\" class=\"wp-image-1287\" style=\"object-fit:cover\" srcset=\"https:\/\/www.boqian-textile.com\/wp-content\/uploads\/2026\/02\/factorypage-pic3.png 416w, https:\/\/www.boqian-textile.com\/wp-content\/uploads\/2026\/02\/factorypage-pic3-300x288.png 300w\" sizes=\"auto, (max-width: 416px) 100vw, 416px\" \/><\/figure>\n\n\n\n<div style=\"height:10px\" aria-hidden=\"true\" class=\"wp-block-spacer\"><\/div>\n\n\n\n<p style=\"font-size:20px\"><strong>Production de pr\u00e9cision<\/strong><\/p>\n\n\n\n<div style=\"height:10px\" aria-hidden=\"true\" class=\"wp-block-spacer\"><\/div>\n\n\n\n<p>\u00c9quip\u00e9s de lignes de coupe et de couture automatis\u00e9es, nous garantissons des volumes importants avec une pr\u00e9cision constante.<\/p>\n<\/div>\n<\/div>\n\n\n\n<div class=\"wp-block-themepark-block-btn themepark-i-btn-out\" style=\"text-align:center;\"><div class=\"themepark-i-btn-out_ins\" style=\"\"><div class=\"themepark-i-btn-out_in\"><div class=\"themepark-i-btn\" style=\"background-color:#b7997f;color:#ffffff;font-size:14px;border:solid 1px #b7997f;border-radius:10px;padding:7px 26px;\"><a href=\"https:\/\/www.boqian-textile.com\/fr\/contact\/\" rel=\"noopener noreferrer \">Nous contacter<\/a><a class=\"hovers\" data-title=\"Contact Us\" style=\"color:#b7997f;background-color:#ffffff;padding:7px 26px;border-radius:10px;\" href=\"https:\/\/www.boqian-textile.com\/fr\/contact\/\" rel=\"noopener noreferrer\" target=\"_self\"><\/a><\/div><\/div><\/div><\/div>\n<\/div>\n<\/div><div class=\"layout_badh\"><\/div><\/section>","protected":false},"excerpt":{"rendered":"","protected":false},"author":1,"featured_media":0,"parent":0,"menu_order":0,"comment_status":"open","ping_status":"closed","template":"","meta":{"themepark_post_bcolor":"#ffffff","themepark_post_width":"100%","themepark_post_img":"","themepark_post_img_po":"left","themepark_post_img_re":false,"themepark_post_img_cover":false,"themepark_post_img_fixed":false,"themepark_post_hide_title":true,"themepark_post_main_b":"","themepark_post_main_p":100,"themepark_paddingblock":true,"footnotes":""},"class_list":["post-1269","page","type-page","status-publish","hentry"],"_links":{"self":[{"href":"https:\/\/www.boqian-textile.com\/fr\/wp-json\/wp\/v2\/pages\/1269","targetHints":{"allow":["GET"]}}],"collection":[{"href":"https:\/\/www.boqian-textile.com\/fr\/wp-json\/wp\/v2\/pages"}],"about":[{"href":"https:\/\/www.boqian-textile.com\/fr\/wp-json\/wp\/v2\/types\/page"}],"author":[{"embeddable":true,"href":"https:\/\/www.boqian-textile.com\/fr\/wp-json\/wp\/v2\/users\/1"}],"replies":[{"embeddable":true,"href":"https:\/\/www.boqian-textile.com\/fr\/wp-json\/wp\/v2\/comments?post=1269"}],"version-history":[{"count":18,"href":"https:\/\/www.boqian-textile.com\/fr\/wp-json\/wp\/v2\/pages\/1269\/revisions"}],"predecessor-version":[{"id":2944,"href":"https:\/\/www.boqian-textile.com\/fr\/wp-json\/wp\/v2\/pages\/1269\/revisions\/2944"}],"wp:attachment":[{"href":"https:\/\/www.boqian-textile.com\/fr\/wp-json\/wp\/v2\/media?parent=1269"}],"curies":[{"name":"wp","href":"https:\/\/api.w.org\/{rel}","templated":true}]}}